{"id":13,"date":"2022-10-14T18:52:23","date_gmt":"2022-10-14T16:52:23","guid":{"rendered":"https:\/\/cartografiahistorica.sevilla.org\/?page_id=13"},"modified":"2022-11-29T11:58:44","modified_gmt":"2022-11-29T10:58:44","slug":"inicio","status":"publish","type":"page","link":"https:\/\/cartografiahistorica.sevilla.org\/","title":{"rendered":"Inicio"},"content":{"rendered":"\t\t<div data-elementor-type=\"wp-page\" data-elementor-id=\"13\" class=\"elementor elementor-13\">\n\t\t\t\t\t\t\t\t\t<section class=\"elementor-section elementor-top-section elementor-element elementor-element-df0f26f elementor-section-boxed elementor-section-height-default elementor-section-height-default\" data-id=\"df0f26f\" data-element_type=\"section\">\n\t\t\t\t\t\t<div class=\"elementor-container elementor-column-gap-default\">\n\t\t\t\t\t<div class=\"elementor-column elementor-col-100 elementor-top-column elementor-element elementor-element-a8d3c4d\" data-id=\"a8d3c4d\" data-element_type=\"column\">\n\t\t\t<div class=\"elementor-widget-wrap elementor-element-populated\">\n\t\t\t\t\t\t\t\t<div class=\"elementor-element elementor-element-f136c68 elementor-widget elementor-widget-heading\" data-id=\"f136c68\" data-element_type=\"widget\" data-widget_type=\"heading.default\">\n\t\t\t\t<div class=\"elementor-widget-container\">\n\t\t\t<style>\/*! elementor - v3.11.5 - 14-03-2023 *\/\n.elementor-heading-title{padding:0;margin:0;line-height:1}.elementor-widget-heading .elementor-heading-title[class*=elementor-size-]>a{color:inherit;font-size:inherit;line-height:inherit}.elementor-widget-heading .elementor-heading-title.elementor-size-small{font-size:15px}.elementor-widget-heading .elementor-heading-title.elementor-size-medium{font-size:19px}.elementor-widget-heading .elementor-heading-title.elementor-size-large{font-size:29px}.elementor-widget-heading .elementor-heading-title.elementor-size-xl{font-size:39px}.elementor-widget-heading .elementor-heading-title.elementor-size-xxl{font-size:59px}<\/style><h1 class=\"elementor-heading-title elementor-size-default\">Cartograf\u00eda hist\u00f3rica de Sevilla<\/h1>\t\t<\/div>\n\t\t\t\t<\/div>\n\t\t\t\t\t<\/div>\n\t\t<\/div>\n\t\t\t\t\t\t\t<\/div>\n\t\t<\/section>\n\t\t\t\t<section class=\"elementor-section elementor-top-section elementor-element elementor-element-c7d3e15 elementor-section-boxed elementor-section-height-default elementor-section-height-default\" data-id=\"c7d3e15\" data-element_type=\"section\">\n\t\t\t\t\t\t<div class=\"elementor-container elementor-column-gap-default\">\n\t\t\t\t\t<div class=\"elementor-column elementor-col-100 elementor-top-column elementor-element elementor-element-6b4b0a4\" data-id=\"6b4b0a4\" data-element_type=\"column\">\n\t\t\t<div class=\"elementor-widget-wrap elementor-element-populated\">\n\t\t\t\t\t\t\t\t<div class=\"elementor-element elementor-element-9ff869b elementor-widget elementor-widget-text-editor\" data-id=\"9ff869b\" data-element_type=\"widget\" data-widget_type=\"text-editor.default\">\n\t\t\t\t<div class=\"elementor-widget-container\">\n\t\t\t<style>\/*! elementor - v3.11.5 - 14-03-2023 *\/\n.elementor-widget-text-editor.elementor-drop-cap-view-stacked .elementor-drop-cap{background-color:#818a91;color:#fff}.elementor-widget-text-editor.elementor-drop-cap-view-framed .elementor-drop-cap{color:#818a91;border:3px solid;background-color:transparent}.elementor-widget-text-editor:not(.elementor-drop-cap-view-default) .elementor-drop-cap{margin-top:8px}.elementor-widget-text-editor:not(.elementor-drop-cap-view-default) .elementor-drop-cap-letter{width:1em;height:1em}.elementor-widget-text-editor .elementor-drop-cap{float:left;text-align:center;line-height:1;font-size:50px}.elementor-widget-text-editor .elementor-drop-cap-letter{display:inline-block}<\/style>\t\t\t\t<p style=\"font-weight: 400;\">En esta p\u00e1gina se presenta una selecci\u00f3n de 60 entradas de planos, mapas y algunas vistas del conjunto de la ciudad, el t\u00e9rmino municipal y el entorno de Sevilla desde finales del siglo XVI a mediados del siglo XX. Un variado repertorio de cartograf\u00eda hist\u00f3rica en el que refleja la evoluci\u00f3n de la capital sevillana y su territorio, al comp\u00e1s del progreso de la cartograf\u00eda y las t\u00e9cnicas de representaci\u00f3n.<\/p>\t\t\t\t\t\t<\/div>\n\t\t\t\t<\/div>\n\t\t\t\t\t<\/div>\n\t\t<\/div>\n\t\t\t\t\t\t\t<\/div>\n\t\t<\/section>\n\t\t\t\t<section class=\"elementor-section elementor-top-section elementor-element elementor-element-a05b22f elementor-section-boxed elementor-section-height-default elementor-section-height-default\" data-id=\"a05b22f\" data-element_type=\"section\">\n\t\t\t\t\t\t<div class=\"elementor-container elementor-column-gap-default\">\n\t\t\t\t\t<div class=\"elementor-column elementor-col-100 elementor-top-column elementor-element elementor-element-fe8ef12\" data-id=\"fe8ef12\" data-element_type=\"column\">\n\t\t\t<div class=\"elementor-widget-wrap elementor-element-populated\">\n\t\t\t\t\t\t\t\t<div class=\"elementor-element elementor-element-60be1fb elementor-widget elementor-widget-shortcode\" data-id=\"60be1fb\" data-element_type=\"widget\" data-widget_type=\"shortcode.default\">\n\t\t\t\t<div class=\"elementor-widget-container\">\n\t\t\t\t\t<div class=\"elementor-shortcode\"><form name=\"buscador_fichas\" id=\"buscador_fichas\"><div class=\"container contenedor_filtros\"><div class=\"row\"><div class=\"col-md-4\"><span class=\"filtro_cont\"><input type=\"text\" name=\"texto\" id=\"texto\" class=\"filtro_texto\" placeholder=\"Buscar por texto...\" ><\/span><\/div><div class=\"col-md-4\">\n\t<select name=\"fecha\" id=\"fecha\" placeholder=\"Fecha\" class=\"filtro_fecha filtros selectdos\" multiple=\"multiple\"><option value=\"3\" >1585-1800<\/option><option value=\"2\" >1801-1850<\/option><option value=\"4\" >1851-1900<\/option><option value=\"5\" >1901-1980<\/option><\/select><\/div><script>\n\tjQuery(document).ready(function () {\n\t\tjQuery(\".filtro_fecha\").select2({\n\t\t\tcloseOnSelect : true,\n\t\t\tplaceholder : \"Fecha\",\n\t\t\tallowHtml: true,\n\t\t\tallowClear: true,\n\t\t\ttags: true \n\t\t});\n\t});\n\t<\/script><div class=\"col-md-4\">\n\t<select name=\"cobertura\" id=\"cobertura\" placeholder=\"Cobertura\" class=\"filtro_cobertura filtros selectdos\" multiple=\"multiple\"><option value=\"8\" >Sevilla alrededores<\/option><option value=\"6\" >Sevilla conjunto<\/option><option value=\"7\" >Sevilla parcial<\/option><\/select><\/div><script>\n\tjQuery(document).ready(function () {\n\t\tjQuery(\".filtro_cobertura\").select2({\n\t\t\tcloseOnSelect : true,\n\t\t\tplaceholder : \"Cobertura\",\n\t\t\tallowHtml: true,\n\t\t\tallowClear: true,\n\t\t\ttags: true \n\t\t});\n\t});\n\t<\/script><div class=\"col-md-4\">\n\t<select name=\"escala\" id=\"escala\" placeholder=\"Escala\" class=\"filtro_escala filtros selectdos\" multiple=\"multiple\"><option value=\"9\" >1:100-1:1000<\/option><option value=\"13\" >1:10001-1:25000<\/option><option value=\"10\" >1:1001-1:2500<\/option><option value=\"14\" >1:25001-1:100000<\/option><option value=\"11\" >1:2501-1:5000<\/option><option value=\"12\" >1:5001-1:10000<\/option><option value=\"15\" >Escala indeterminada<\/option><\/select><\/div><script>\n\tjQuery(document).ready(function () {\n\t\tjQuery(\".filtro_escala\").select2({\n\t\t\tcloseOnSelect : true,\n\t\t\tplaceholder : \"Escala\",\n\t\t\tallowHtml: true,\n\t\t\tallowClear: true,\n\t\t\ttags: true \n\t\t});\n\t});\n\t<\/script><div class=\"col-md-4\">\n\t<select name=\"tipologia\" id=\"tipologia\" placeholder=\"Tipologia\" class=\"filtro_tipologia filtros selectdos\" multiple=\"multiple\"><option value=\"20\" >Croquis<\/option><option value=\"17\" >Plano divulgativo<\/option><option value=\"19\" >Plano tem\u00e1tico<\/option><option value=\"16\" >Plano topogr\u00e1fico<\/option><option value=\"18\" >Plano tur\u00edstico<\/option><option value=\"21\" >Vista<\/option><\/select><\/div><script>\n\tjQuery(document).ready(function () {\n\t\tjQuery(\".filtro_tipologia\").select2({\n\t\t\tcloseOnSelect : true,\n\t\t\tplaceholder : \"Tipologia\",\n\t\t\tallowHtml: true,\n\t\t\tallowClear: true,\n\t\t\ttags: true \n\t\t});\n\t});\n\t<\/script><div class=\"col-md-4\">\n\t<select name=\"soporte\" id=\"soporte\" placeholder=\"Soporte\" class=\"filtro_soporte filtros selectdos\" multiple=\"multiple\"><option value=\"23\" >Grabado<\/option><option value=\"25\" >Impreso<\/option><option value=\"24\" >Litograf\u00eda<\/option><option value=\"22\" >Manuscrito<\/option><\/select><\/div><script>\n\tjQuery(document).ready(function () {\n\t\tjQuery(\".filtro_soporte\").select2({\n\t\t\tcloseOnSelect : true,\n\t\t\tplaceholder : \"Soporte\",\n\t\t\tallowHtml: true,\n\t\t\tallowClear: true,\n\t\t\ttags: true \n\t\t});\n\t});\n\t<\/script><\/div><\/div><\/form><\/div>\n\t\t\t\t<\/div>\n\t\t\t\t<\/div>\n\t\t\t\t\t<\/div>\n\t\t<\/div>\n\t\t\t\t\t\t\t<\/div>\n\t\t<\/section>\n\t\t\t\t<section class=\"elementor-section elementor-top-section elementor-element elementor-element-0c53718 elementor-section-boxed elementor-section-height-default elementor-section-height-default\" data-id=\"0c53718\" data-element_type=\"section\">\n\t\t\t\t\t\t<div class=\"elementor-container elementor-column-gap-default\">\n\t\t\t\t\t<div class=\"elementor-column elementor-col-100 elementor-top-column elementor-element elementor-element-0eb85b0\" data-id=\"0eb85b0\" data-element_type=\"column\">\n\t\t\t<div class=\"elementor-widget-wrap elementor-element-populated\">\n\t\t\t\t\t\t\t\t<div class=\"elementor-element elementor-element-ce4f25c elementor-widget elementor-widget-html\" data-id=\"ce4f25c\" data-element_type=\"widget\" data-widget_type=\"html.default\">\n\t\t\t\t<div class=\"elementor-widget-container\">\n\t\t\t<div id=\"resultados\"><\/div>\n<script>\njQuery( document ).ready(function() {\n    filtrar();\n});\n<\/script>\t\t<\/div>\n\t\t\t\t<\/div>\n\t\t\t\t\t<\/div>\n\t\t<\/div>\n\t\t\t\t\t\t\t<\/div>\n\t\t<\/section>\n\t\t\t\t\t\t\t<\/div>\n\t\t","protected":false},"excerpt":{"rendered":"<p>Cartograf\u00eda hist\u00f3rica de Sevilla En esta p\u00e1gina se presenta una selecci\u00f3n de 60 entradas de planos, mapas y algunas vistas del conjunto de la ciudad, el t\u00e9rmino municipal y el entorno de Sevilla desde finales del siglo XVI a mediados del siglo XX. Un variado repertorio de cartograf\u00eda hist\u00f3rica en el que refleja la evoluci\u00f3n [&hellip;]<\/p>\n","protected":false},"author":1,"featured_media":0,"parent":0,"menu_order":0,"comment_status":"closed","ping_status":"closed","template":"elementor_header_footer","meta":{"footnotes":""},"class_list":["post-13","page","type-page","status-publish","hentry"],"acf":[],"_links":{"self":[{"href":"https:\/\/cartografiahistorica.sevilla.org\/index.php?rest_route=\/wp\/v2\/pages\/13","targetHints":{"allow":["GET"]}}],"collection":[{"href":"https:\/\/cartografiahistorica.sevilla.org\/index.php?rest_route=\/wp\/v2\/pages"}],"about":[{"href":"https:\/\/cartografiahistorica.sevilla.org\/index.php?rest_route=\/wp\/v2\/types\/page"}],"author":[{"embeddable":true,"href":"https:\/\/cartografiahistorica.sevilla.org\/index.php?rest_route=\/wp\/v2\/users\/1"}],"replies":[{"embeddable":true,"href":"https:\/\/cartografiahistorica.sevilla.org\/index.php?rest_route=%2Fwp%2Fv2%2Fcomments&post=13"}],"version-history":[{"count":46,"href":"https:\/\/cartografiahistorica.sevilla.org\/index.php?rest_route=\/wp\/v2\/pages\/13\/revisions"}],"predecessor-version":[{"id":312,"href":"https:\/\/cartografiahistorica.sevilla.org\/index.php?rest_route=\/wp\/v2\/pages\/13\/revisions\/312"}],"wp:attachment":[{"href":"https:\/\/cartografiahistorica.sevilla.org\/index.php?rest_route=%2Fwp%2Fv2%2Fmedia&parent=13"}],"curies":[{"name":"wp","href":"https:\/\/api.w.org\/{rel}","templated":true}]}}